{"id":1317,"date":"2021-10-09T16:24:21","date_gmt":"2021-10-09T16:24:21","guid":{"rendered":"https:\/\/corocantabile.gal\/boletin-de-noticias-de-cantabile\/"},"modified":"2024-12-12T14:46:26","modified_gmt":"2024-12-12T14:46:26","slug":"boletin-cantabile-news","status":"publish","type":"page","link":"https:\/\/corocantabile.gal\/es\/boletin-cantabile-news\/","title":{"rendered":"Bolet\u00edn Cantabile News"},"content":{"rendered":"\n<p>Si quieres ver una recopilaci\u00f3n de nuestro historial de actividades, conciertos y novedades, todos los boletines, desde 2014, est\u00e1n disponibles de forma abierta en nuestra <a href=\"https:\/\/en.calameo.com\/accounts\/2874235\"><strong>cuenta de Calam\u00e9o<\/strong><\/a>. Los miembros reciben las noticias de Cantabile peri\u00f3dicamente en sus correos electr\u00f3nicos.<\/p>\n\n\n\n<p>Tambi\u00e9n pod\u00e9is descargar nuestro \u00faltimo bolet\u00edn directamente desde el siguiente enlace: <a href=\"https:\/\/www.calameo.com\/read\/0028742355977bc889deb\" data-type=\"URL\" data-id=\"https:\/\/www.calameo.com\/read\/0028742355977bc889deb\">Bolet\u00edn Cantabile news 2024 (I)<\/a><\/p>\n\n\n\n<p><\/p>\n","protected":false},"excerpt":{"rendered":"<p>Si quieres ver una recopilaci\u00f3n de nuestro historial de actividades, conciertos y novedades, todos los boletines, desde 2014, est\u00e1n disponibles de forma abierta en nuestra cuenta de Calam\u00e9o. Los miembros reciben las noticias de Cantabile [&hellip;]<\/p>\n","protected":false},"author":1,"featured_media":0,"parent":0,"menu_order":0,"comment_status":"closed","ping_status":"closed","template":"templates\/template-sidebar-content.php","meta":[],"_links":{"self":[{"href":"https:\/\/corocantabile.gal\/es\/wp-json\/wp\/v2\/pages\/1317"}],"collection":[{"href":"https:\/\/corocantabile.gal\/es\/wp-json\/wp\/v2\/pages"}],"about":[{"href":"https:\/\/corocantabile.gal\/es\/wp-json\/wp\/v2\/types\/page"}],"author":[{"embeddable":true,"href":"https:\/\/corocantabile.gal\/es\/wp-json\/wp\/v2\/users\/1"}],"replies":[{"embeddable":true,"href":"https:\/\/corocantabile.gal\/es\/wp-json\/wp\/v2\/comments?post=1317"}],"version-history":[{"count":1,"href":"https:\/\/corocantabile.gal\/es\/wp-json\/wp\/v2\/pages\/1317\/revisions"}],"predecessor-version":[{"id":3198,"href":"https:\/\/corocantabile.gal\/es\/wp-json\/wp\/v2\/pages\/1317\/revisions\/3198"}],"wp:attachment":[{"href":"https:\/\/corocantabile.gal\/es\/wp-json\/wp\/v2\/media?parent=1317"}],"curies":[{"name":"wp","href":"https:\/\/api.w.org\/{rel}","templated":true}]}}