{"id":1360,"date":"2021-10-15T12:01:40","date_gmt":"2021-10-15T12:01:40","guid":{"rendered":"https:\/\/corocantabile.gal\/vodas-cantabile\/"},"modified":"2021-12-06T07:10:00","modified_gmt":"2021-12-06T07:10:00","slug":"bodas-cantabile","status":"publish","type":"page","link":"https:\/\/corocantabile.gal\/es\/bodas-cantabile\/","title":{"rendered":"Bodas Cantabile"},"content":{"rendered":"\n<p>La interpretaci\u00f3n de m\u00fasica en directo es parte del aprendizaje de los ni\u00f1os y ni\u00f1as del coro. Una forma de ponerlo en pr\u00e1ctica es nuestra participaci\u00f3n en bodas civiles y religiosas, en las que atesoramos una amplia experiencia. Si quieres contar con nosotros para tu boda, puedes utilizar cualquiera de las formas de contacto que tenemos, preferiblemente por email, o llamarnos al 664 790 807, sin compromiso.<\/p>\n\n\n\n<p>Podemos interpretar una amplia variedad de temas instrumentales y vocales. A continuaci\u00f3n indicamos los temas vocales m\u00e1s demandados. Si tienes alguna propuesta que no est\u00e9 incluida aqu\u00ed, no dudes en hablar con nosotros.<\/p>\n\n\n\n<h5>Repertorio para bodas<\/h5>\n\n\n\n<p class=\"has-text-color\" style=\"color:#fece7a\"><strong>Cantos de entrada:<\/strong><\/p>\n\n\n\n<p>Sing unto god (H\u00e4ndel)<br>Canticorum Iubilo (H\u00e4ndel)<br>Exsultate Iusti (L. da Viadana)<br>Marcha Nupcial de \u201cLohengrinn\u201d (con coro) (Wagner)<br>Tollite Hostias (Saint-Sa\u00ebns)<br>Zadok the Priest (H\u00e4ndel)<br>Regina Coeli (G. Aichinger)<\/p>\n\n\n\n<p class=\"has-text-color\" style=\"color:#fece7a\"><strong>Lecturas:<\/strong><\/p>\n\n\n\n<p>Adoramos Te (E. Crocker)<br>Benedicat Vobis (H\u00e4ndel)<br>Laudate Nomen Domini (C. Tye)<br>Exultate Iusti (L. da Viadana)<br>Lauda anima mea Dominum (Garc\u00eda Blanco)<br>Alta trinita beata (Anon. S. XVI)<br>Alleluia (El Mes\u00edas) (H\u00e4ndel)<br>Laudate Dominum (solista y coro) (Mozart)<\/p>\n\n\n\n<p class=\"has-text-color\" style=\"color:#fece7a\"><strong>Ofertorio:<\/strong><\/p>\n\n\n\n<p>Ave Verum (Mozart)<br>Panis Angelicus (solista y coro) (C. Franck)<br>Cantata 147, Jes\u00fas bleibet meine freude (Bach)<br>Ave Mar\u00eda (G. de Velasco)<br>Ave Mar\u00eda (solista) (Gounod)<br>Ave Maria (solista) (Schubert)<br>Lass, o Herr (solista y coro) (Mendelssohn)<br>Cantique de Jean Racine (G. Faur\u00e8)<br>Bogoroditze Dievo (Rachmaninov)<\/p>\n\n\n\n<p class=\"has-text-color\" style=\"color:#fece7a\"><strong>Comuni\u00f3n:<\/strong><\/p>\n\n\n\n<p>Panis Angelicus (solista y coro) (C. Franck)<br>Lass o Herr (solista y coro) (Mendelssohn)<br>Cantique de Jean Racine (G. Faur\u00e8)<br>Ave Verum (Mozart)<br>Cantata 147, Jes\u00fas bleibet meine freude (Bach)<br>Now let us all praise God and sing (Gordon Young)<\/p>\n\n\n\n<p class=\"has-text-color\" style=\"color:#fece7a\"><strong>Fin de la ceremonia:<\/strong><\/p>\n\n\n\n<p>Tollite Hostias (Saint-Sa\u00ebns)<br>Salve Marinera (C. Oudrid)<br>Sing unto god (H\u00e4ndel)<br>Exultate Iusti (L. da Viadana)<br>Marcha Nupcial de \u201cLohengrinn\u201d (con coro) (Wagner)<br>Adoramus Te (E. Crocker)<br>Aleluya (Handel)<br>Now let us all praise God and sing (Gordon Young)<\/p>\n","protected":false},"excerpt":{"rendered":"<p>La interpretaci\u00f3n de m\u00fasica en directo es parte del aprendizaje de los ni\u00f1os y ni\u00f1as del coro. Una forma de ponerlo en pr\u00e1ctica es nuestra participaci\u00f3n en bodas civiles y religiosas, en las que atesoramos [&hellip;]<\/p>\n","protected":false},"author":1,"featured_media":0,"parent":0,"menu_order":0,"comment_status":"closed","ping_status":"closed","template":"templates\/template-sidebar-content.php","meta":[],"_links":{"self":[{"href":"https:\/\/corocantabile.gal\/es\/wp-json\/wp\/v2\/pages\/1360"}],"collection":[{"href":"https:\/\/corocantabile.gal\/es\/wp-json\/wp\/v2\/pages"}],"about":[{"href":"https:\/\/corocantabile.gal\/es\/wp-json\/wp\/v2\/types\/page"}],"author":[{"embeddable":true,"href":"https:\/\/corocantabile.gal\/es\/wp-json\/wp\/v2\/users\/1"}],"replies":[{"embeddable":true,"href":"https:\/\/corocantabile.gal\/es\/wp-json\/wp\/v2\/comments?post=1360"}],"version-history":[{"count":1,"href":"https:\/\/corocantabile.gal\/es\/wp-json\/wp\/v2\/pages\/1360\/revisions"}],"predecessor-version":[{"id":1542,"href":"https:\/\/corocantabile.gal\/es\/wp-json\/wp\/v2\/pages\/1360\/revisions\/1542"}],"wp:attachment":[{"href":"https:\/\/corocantabile.gal\/es\/wp-json\/wp\/v2\/media?parent=1360"}],"curies":[{"name":"wp","href":"https:\/\/api.w.org\/{rel}","templated":true}]}}